{"id":107,"date":"2020-04-26T10:57:54","date_gmt":"2020-04-26T08:57:54","guid":{"rendered":"http:\/\/lepitstop.fr\/?page_id=107"},"modified":"2023-09-25T14:16:22","modified_gmt":"2023-09-25T12:16:22","slug":"ou-nous-trouver","status":"publish","type":"page","link":"https:\/\/lepitstop.fr\/?page_id=107","title":{"rendered":"OU NOUS TROUVER ?"},"content":{"rendered":"\n<p class=\"has-text-align-center\"><div id=\"wpgmza_map\" class=\"wpgmza_map\" data-settings='{\"id\":\"1\",\"map_title\":\"My first map\",\"map_width\":\"100\",\"map_height\":\"600\",\"map_start_lat\":\"43.230063\",\"map_start_lng\":\"0.939108\",\"map_start_location\":\"43.230063,0.9391080000000002\",\"map_start_zoom\":\"12\",\"default_marker\":\"0\",\"type\":\"1\",\"alignment\":\"2\",\"directions_enabled\":\"1\",\"styling_enabled\":\"0\",\"styling_json\":\"\",\"active\":\"0\",\"kml\":\"\",\"bicycle\":\"0\",\"traffic\":\"0\",\"dbox\":\"1\",\"dbox_width\":\"100\",\"listmarkers\":\"0\",\"listmarkers_advanced\":\"0\",\"filterbycat\":\"0\",\"ugm_enabled\":\"0\",\"ugm_category_enabled\":\"0\",\"fusion\":\"\",\"map_width_type\":\"\\\\%\",\"map_height_type\":\"px\",\"mass_marker_support\":\"1\",\"ugm_access\":\"0\",\"order_markers_by\":\"1\",\"order_markers_choice\":\"2\",\"show_user_location\":\"0\",\"default_to\":\"\",\"other_settings\":{\"store_locator_enabled\":2,\"store_locator_distance\":2,\"store_locator_default_radius\":10,\"store_locator_not_found_message\":\"No results found in this location. Please try again.\",\"store_locator_bounce\":1,\"store_locator_query_string\":\"ZIP \\\/ Address:\",\"store_locator_default_address\":\"\",\"wpgmza_store_locator_restrict\":\"\",\"wpgmza_store_locator_radius_style\":\"modern\",\"map_max_zoom\":\"1\",\"transport_layer\":0,\"wpgmza_show_points_of_interest\":0,\"wpgmza_auto_night\":0}}' data-map-id='1' Data-maps-engine='open-layers' data-shortcode-attributes='{\"id\":\"1\"}' style=\"display:block; overflow:auto; width:100%; height:600px; float:left;\"><\/div><\/p>\n\n\n\n<p>Coordonn\u00e9es GPS en degr\u00e9s d\u00e9cimaux : 43.230063, 0.939108<\/p>\n\n\n\n<p>En degr\u00e9s, minutes, secondes : 43\u00b013&rsquo;48.2&Prime;N 0\u00b056&rsquo;20.8&Prime;E<\/p>\n\n\n\n<p>Coordonn\u00e9es W3W : poussin.\u00e9pandre.lumineuse.<\/p>\n\n\n\n<p>En plein centre de Alan (31420) \u00e0 l&rsquo;angle de la route de Martres Tolosane et de la route d&rsquo;Aurignac.<\/p>\n\n\n\n<p>Par la pyr\u00e9n\u00e9enne, autoroute A64, sortie 22, traverser Martres Tolosane direction Alan par la D10 \u00e0 8,7Km, par une d\u00e9partementale ombrag\u00e9e.<\/p>\n\n\n\n<figure class=\"wp-block-image size-large\"><img loading=\"lazy\" decoding=\"async\" width=\"530\" height=\"280\" src=\"http:\/\/lepitstop.fr\/wp-content\/uploads\/2020\/04\/le-pitstop.jpg\" alt=\"\" class=\"wp-image-152\" srcset=\"https:\/\/lepitstop.fr\/wp-content\/uploads\/2020\/04\/le-pitstop.jpg 530w, https:\/\/lepitstop.fr\/wp-content\/uploads\/2020\/04\/le-pitstop-300x158.jpg 300w\" sizes=\"auto, (max-width: 530px) 100vw, 530px\" \/><\/figure>\n\n\n\n<p class=\"has-text-align-center\">LE PITSTOP, 1 ALL\u00c9E DES MARRONNIERS, 31420 ALAN<br>TEL : 07.81.17.63.83<br>e-mail : evelyne@lepitstop.fr<\/p>\n\n\n\n<p>Ou utilisez ce formulaire de contact :<\/p>\n\n\n<div class=\"wpforms-container wpforms-container-full wpforms-block\" id=\"wpforms-190\"><form id=\"wpforms-form-190\" class=\"wpforms-validate wpforms-form\" data-formid=\"190\" method=\"post\" enctype=\"multipart\/form-data\" action=\"\/index.php?rest_route=%2Fwp%2Fv2%2Fpages%2F107\" data-token=\"7f70f9124e1de4ec97a0cab831952f00\" data-token-time=\"1777626890\"><noscript class=\"wpforms-error-noscript\">Veuillez activer JavaScript dans votre navigateur pour remplir ce formulaire.<\/noscript><div class=\"wpforms-field-container\"><div id=\"wpforms-190-field_0-container\" class=\"wpforms-field wpforms-field-name\" data-field-id=\"0\"><label class=\"wpforms-field-label\">Nom <span class=\"wpforms-required-label\">*<\/span><\/label><div class=\"wpforms-field-row wpforms-field-medium\"><div class=\"wpforms-field-row-block wpforms-first wpforms-one-half\"><input type=\"text\" id=\"wpforms-190-field_0\" class=\"wpforms-field-name-first wpforms-field-required\" name=\"wpforms[fields][0][first]\" required><label for=\"wpforms-190-field_0\" class=\"wpforms-field-sublabel after\">Pr\u00e9nom<\/label><\/div><div class=\"wpforms-field-row-block wpforms-one-half\"><input type=\"text\" id=\"wpforms-190-field_0-last\" class=\"wpforms-field-name-last wpforms-field-required\" name=\"wpforms[fields][0][last]\" required><label for=\"wpforms-190-field_0-last\" class=\"wpforms-field-sublabel after\">Nom<\/label><\/div><\/div><\/div><div id=\"wpforms-190-field_1-container\" class=\"wpforms-field wpforms-field-email\" data-field-id=\"1\"><label class=\"wpforms-field-label\" for=\"wpforms-190-field_1\">E-mail <span class=\"wpforms-required-label\">*<\/span><\/label><input type=\"email\" id=\"wpforms-190-field_1\" class=\"wpforms-field-medium wpforms-field-required\" name=\"wpforms[fields][1]\" spellcheck=\"false\" required><\/div><div id=\"wpforms-190-field_2-container\" class=\"wpforms-field wpforms-field-textarea\" data-field-id=\"2\"><label class=\"wpforms-field-label\" for=\"wpforms-190-field_2\">Commentaire ou message <span class=\"wpforms-required-label\">*<\/span><\/label><textarea id=\"wpforms-190-field_2\" class=\"wpforms-field-medium wpforms-field-required\" name=\"wpforms[fields][2]\" required><\/textarea><\/div><\/div><!-- .wpforms-field-container --><div class=\"wpforms-recaptcha-container wpforms-is-recaptcha wpforms-is-recaptcha-type-v3\" ><input type=\"hidden\" name=\"wpforms[recaptcha]\" value=\"\"><\/div><div class=\"wpforms-submit-container\" ><input type=\"hidden\" name=\"wpforms[id]\" value=\"190\"><input type=\"hidden\" name=\"page_title\" value=\"\"><input type=\"hidden\" name=\"page_url\" value=\"https:\/\/lepitstop.fr\/index.php?rest_route=\/wp\/v2\/pages\/107\"><input type=\"hidden\" name=\"url_referer\" value=\"\"><button type=\"submit\" name=\"wpforms[submit]\" id=\"wpforms-submit-190\" class=\"wpforms-submit\" data-alt-text=\"Envoi...\" data-submit-text=\"Envoyer\" aria-live=\"assertive\" value=\"wpforms-submit\">Envoyer<\/button><\/div><\/form><\/div>  <!-- .wpforms-container -->\n\n\n<p class=\"has-text-align-center\">\u00a9 Le Pitstop 2023<\/p>\n","protected":false},"excerpt":{"rendered":"<p>Coordonn\u00e9es GPS en degr\u00e9s d\u00e9cimaux : 43.230063, 0.939108 En degr\u00e9s, minutes, secondes : 43\u00b013&rsquo;48.2&Prime;N 0\u00b056&rsquo;20.8&Prime;E Coordonn\u00e9es W3W : poussin.\u00e9pandre.lumineuse. En plein centre de Alan (31420) \u00e0 l&rsquo;angle de la route de Martres Tolosane et de la route d&rsquo;Aurignac. Par la pyr\u00e9n\u00e9enne, autoroute A64, sortie 22, traverser Martres Tolosane direction Alan par la D10 \u00e0 8,7Km, &hellip; <\/p>\n<p class=\"link-more\"><a href=\"https:\/\/lepitstop.fr\/?page_id=107\" class=\"more-link\">Continuer la lecture<span class=\"screen-reader-text\"> de &laquo;&nbsp;OU NOUS TROUVER ?&nbsp;&raquo;<\/span><\/a><\/p>\n","protected":false},"author":1,"featured_media":0,"parent":0,"menu_order":0,"comment_status":"closed","ping_status":"closed","template":"","meta":{"_monsterinsights_skip_tracking":false,"_monsterinsights_sitenote_active":false,"_monsterinsights_sitenote_note":"","_monsterinsights_sitenote_category":0,"footnotes":""},"class_list":["post-107","page","type-page","status-publish","hentry"],"aioseo_notices":[],"_links":{"self":[{"href":"https:\/\/lepitstop.fr\/index.php?rest_route=\/wp\/v2\/pages\/107","targetHints":{"allow":["GET"]}}],"collection":[{"href":"https:\/\/lepitstop.fr\/index.php?rest_route=\/wp\/v2\/pages"}],"about":[{"href":"https:\/\/lepitstop.fr\/index.php?rest_route=\/wp\/v2\/types\/page"}],"author":[{"embeddable":true,"href":"https:\/\/lepitstop.fr\/index.php?rest_route=\/wp\/v2\/users\/1"}],"replies":[{"embeddable":true,"href":"https:\/\/lepitstop.fr\/index.php?rest_route=%2Fwp%2Fv2%2Fcomments&post=107"}],"version-history":[{"count":18,"href":"https:\/\/lepitstop.fr\/index.php?rest_route=\/wp\/v2\/pages\/107\/revisions"}],"predecessor-version":[{"id":501,"href":"https:\/\/lepitstop.fr\/index.php?rest_route=\/wp\/v2\/pages\/107\/revisions\/501"}],"wp:attachment":[{"href":"https:\/\/lepitstop.fr\/index.php?rest_route=%2Fwp%2Fv2%2Fmedia&parent=107"}],"curies":[{"name":"wp","href":"https:\/\/api.w.org\/{rel}","templated":true}]}}