{"id":339,"date":"2022-01-26T09:38:39","date_gmt":"2022-01-26T08:38:39","guid":{"rendered":"https:\/\/lepitstop.fr\/?page_id=339"},"modified":"2023-03-22T16:43:33","modified_gmt":"2023-03-22T15:43:33","slug":"mentions-legales","status":"publish","type":"page","link":"https:\/\/lepitstop.fr\/?page_id=339","title":{"rendered":"Mentions l\u00e9gales"},"content":{"rendered":"\n<p>Tout acc\u00e8s au site Internet www.lepitstop.fr et\/ou toute recherche effectu\u00e9e sur ledit site, et\/ou toute utilisation dudit site et\/ou tout t\u00e9l\u00e9chargement d\u2019une partie du contenu dudit site par l\u2019utilisateur vaut acceptation des conditions d\u2019utilisation du site Internet www.lepitstop.fr, telles que d\u00e9finies ci-apr\u00e8s :<\/p>\n\n\n\n<p><strong>1. Droit de propri\u00e9t\u00e9 intellectuelle<\/strong><br>Ce site est la propri\u00e9t\u00e9 des Chambres d\u2019h\u00f4tes Le Pitstop (appel\u00e9e ici \u00ab&nbsp;Pitstop&nbsp;\u00bb) regroup\u00e9s en tant que g\u00e9rants et\/ou associ\u00e9s. Le site www.lepitstop.fr est \u00e9dit\u00e9 et exploit\u00e9 par le Pitstop.<\/p>\n\n\n\n<p>Chambres d\u2019H\u00f4tes Le Pitstop<br>1 ALL\u00c9E DES MARRONNIERS<br>31420 ALAN<\/p>\n\n\n\n<p>La pr\u00e9sentation et chacun des \u00e9l\u00e9ments, y compris les marques, logos et noms de domaine, apparaissant sur le site www.lepitstop.fr (ci-apr\u00e8s \u00ab&nbsp;le Site&nbsp;\u00bb), sont prot\u00e9g\u00e9s par les lois en vigueur sur la propri\u00e9t\u00e9 intellectuelle.<br>Aucun \u00e9l\u00e9ment composant le site www.lepitstop.fr ne peut \u00eatre copi\u00e9, reproduit, modifi\u00e9, r\u00e9\u00e9dit\u00e9, charg\u00e9, d\u00e9natur\u00e9, transmis ou distribu\u00e9 de quelque mani\u00e8re que ce soit, sous quelque support que ce soit, de fa\u00e7on partielle ou int\u00e9grale, sans l\u2019autorisation \u00e9crite et pr\u00e9alable du Pitstop \u00e0 l\u2019exception d\u2019une stricte utilisation pour les besoins de la presse et sous r\u00e9serve du respect des droits de propri\u00e9t\u00e9 intellectuelle et de tout autre droit de propri\u00e9t\u00e9 dont il est fait mention. Seule la copie \u00e0 usage priv\u00e9 est autoris\u00e9e pour un usage personnel, priv\u00e9 et non-commercial.<br>La mention suivante doit notamment appara\u00eetre sur toute copie autoris\u00e9e de tout ou partie du contenu du Site : \u00ab&nbsp;Copyright 2022 www.lepitstop.fr tous droits r\u00e9serv\u00e9s&nbsp;\u00bb accompagn\u00e9e d\u2019un lien pointant vers le site www.lepitstop.fr.<br>Toute utilisation autoris\u00e9e des \u00e9l\u00e9ments composant ou figurant dans le site doit se faire sans modification ou alt\u00e9ration de quelque mani\u00e8re que ce soit.<br>Le Pitstop se r\u00e9serve le droit de poursuivre tout acte de contrefa\u00e7on de ses droits de propri\u00e9t\u00e9 intellectuelle.<\/p>\n\n\n\n<p><strong>2. Liens vers d\u2019autres sites<\/strong><br>Le Pitstop n\u2019exerce aucun contr\u00f4le quant au contenu des sites tiers. L\u2019existence d\u2019un lien hypertexte entre le site Internet www.lepitstop.fr et un site tiers ne signifie pas que le Pitstop assume une quelconque garantie et responsabilit\u00e9 quant \u00e0 son contenu ou l\u2019usage qui peut en \u00eatre fait.<br>Il incombe \u00e0 l\u2019utilisateur de prendre les pr\u00e9cautions n\u00e9cessaires pour s\u2019assurer de l\u2019absence de virus sur le site visit\u00e9.<br>Il est interdit, sans l\u2019accord \u00e9crit et pr\u00e9alable du Pitstop, \u00e0 tout utilisateur du site Internet www.lepitstop.fr de cr\u00e9er, sur n\u2019importe quel autre site Internet, tout lien hypertexte y compris un lien hypertexte dit \u00ab&nbsp;profond&nbsp;\u00bb avec une page du site Internet www.lepitstop.fr et de le combiner avec la technique du \u00ab&nbsp;framing&nbsp;\u00bb ou toute autre technique similaire permettant de renvoyer directement aux pages secondaires du site Internet www.lepitstop.fr sans passer par sa page d\u2019accueil.<\/p>\n\n\n\n<p><strong>3. Informations nominatives et autres informations<\/strong><strong><br>3.1 <\/strong>Le Pitstop ne divulguera pas \u00e0 des tiers, les donn\u00e9es personnelles vous concernant que vous pourriez leur communiquer par le moyen de la messagerie \u00e9lectronique.<\/p>\n","protected":false},"excerpt":{"rendered":"<p>Tout acc\u00e8s au site Internet www.lepitstop.fr et\/ou toute recherche effectu\u00e9e sur ledit site, et\/ou toute utilisation dudit site et\/ou tout t\u00e9l\u00e9chargement d\u2019une partie du contenu dudit site par l\u2019utilisateur vaut acceptation des conditions d\u2019utilisation du site Internet www.lepitstop.fr, telles que d\u00e9finies ci-apr\u00e8s : 1. Droit de propri\u00e9t\u00e9 intellectuelleCe site est la propri\u00e9t\u00e9 des Chambres d\u2019h\u00f4tes &hellip; <\/p>\n<p class=\"link-more\"><a href=\"https:\/\/lepitstop.fr\/?page_id=339\" class=\"more-link\">Continuer la lecture<span class=\"screen-reader-text\"> de &laquo;&nbsp;Mentions l\u00e9gales&nbsp;&raquo;<\/span><\/a><\/p>\n","protected":false},"author":1,"featured_media":0,"parent":0,"menu_order":0,"comment_status":"closed","ping_status":"closed","template":"","meta":{"_monsterinsights_skip_tracking":false,"_monsterinsights_sitenote_active":false,"_monsterinsights_sitenote_note":"","_monsterinsights_sitenote_category":0,"footnotes":""},"class_list":["post-339","page","type-page","status-publish","hentry"],"aioseo_notices":[],"_links":{"self":[{"href":"https:\/\/lepitstop.fr\/index.php?rest_route=\/wp\/v2\/pages\/339","targetHints":{"allow":["GET"]}}],"collection":[{"href":"https:\/\/lepitstop.fr\/index.php?rest_route=\/wp\/v2\/pages"}],"about":[{"href":"https:\/\/lepitstop.fr\/index.php?rest_route=\/wp\/v2\/types\/page"}],"author":[{"embeddable":true,"href":"https:\/\/lepitstop.fr\/index.php?rest_route=\/wp\/v2\/users\/1"}],"replies":[{"embeddable":true,"href":"https:\/\/lepitstop.fr\/index.php?rest_route=%2Fwp%2Fv2%2Fcomments&post=339"}],"version-history":[{"count":2,"href":"https:\/\/lepitstop.fr\/index.php?rest_route=\/wp\/v2\/pages\/339\/revisions"}],"predecessor-version":[{"id":497,"href":"https:\/\/lepitstop.fr\/index.php?rest_route=\/wp\/v2\/pages\/339\/revisions\/497"}],"wp:attachment":[{"href":"https:\/\/lepitstop.fr\/index.php?rest_route=%2Fwp%2Fv2%2Fmedia&parent=339"}],"curies":[{"name":"wp","href":"https:\/\/api.w.org\/{rel}","templated":true}]}}